{"id":171,"date":"2014-03-28T11:32:52","date_gmt":"2014-03-28T11:32:52","guid":{"rendered":"http:\/\/antonios-antoniou.gr\/en\/?page_id=171"},"modified":"2014-11-06T11:23:11","modified_gmt":"2014-11-06T11:23:11","slug":"publications-in-international-conferences-proceedings-with-referees-conferences","status":"publish","type":"page","link":"https:\/\/www.antonios-antoniou.gr\/en\/research-project\/publications\/publications-in-international-conferences-proceedings-with-referees-conferences","title":{"rendered":"Publications in International Conferences&#8217; Proceedings with referees (Conferences)"},"content":{"rendered":"<p style=\"text-align: center;\"><strong>According to:<\/strong> <a title=\"The SAO\/NASA Astrophysics Data System\" href=\"http:\/\/www.adsabs.harvard.edu\/\" target=\"_blank\">Smithsonian\/NASA Astrophysics Data System (ADS)<\/a><\/p>\n<ol start=\"1\">\n<li style=\"text-align: justify;\"><b><span style=\"text-decoration: underline;\">Antoniou, A.,<\/span><\/b><b> Danezis, E., Lyratzi, E. and Stathopoulos, D.:<\/b><b> \u201c<\/b><i>The\u00a0 structure of the Si IV region in Be stars: a study of Si IV spectral lines in Be 68 stars\u201d<\/i> 26th Summer School and International Symposium on the Physics of Ionized Gases (SPIG 2012) IOP Publishing,<b> <span style=\"text-decoration: underline;\">Journal of Physics: Conference Series <\/span><\/b><b><span style=\"text-decoration: underline;\">399 <\/span><\/b><b><span style=\"text-decoration: underline;\">(2012) 012021<\/span>.<\/b><\/li>\n<li style=\"text-align: justify;\"><b style=\"line-height: 1.5;\">Lyratzi<\/b><b style=\"line-height: 1.5;\">, <\/b><b style=\"line-height: 1.5;\">E<\/b><b style=\"line-height: 1.5;\">., <\/b><b style=\"line-height: 1.5;\">Danezis<\/b><b style=\"line-height: 1.5;\">, <\/b><b style=\"line-height: 1.5;\">E<\/b><b style=\"line-height: 1.5;\">., <\/b><b style=\"line-height: 1.5;\">Popovi<\/b><b style=\"line-height: 1.5;\">\u0107, <\/b><b style=\"line-height: 1.5;\">L<\/b><b style=\"line-height: 1.5;\">. \u010c., <\/b><b style=\"line-height: 1.5;\">Dimitrijevi<\/b><b style=\"line-height: 1.5;\">\u0107, <\/b><b style=\"line-height: 1.5;\">M<\/b><b style=\"line-height: 1.5;\">. <\/b><b style=\"line-height: 1.5;\">S<\/b><b style=\"line-height: 1.5;\">. &amp; <\/b><b style=\"line-height: 1.5;\"><span style=\"text-decoration: underline;\">Antoniou<\/span><\/b><b style=\"line-height: 1.5;\"><span style=\"text-decoration: underline;\">, <\/span><\/b><b style=\"line-height: 1.5;\"><span style=\"text-decoration: underline;\">A<\/span><\/b><b style=\"line-height: 1.5;\"><span style=\"text-decoration: underline;\">.:<\/span><\/b><span style=\"line-height: 1.5;\"> \u201c<\/span><i style=\"line-height: 1.5;\">DACs<\/i><i style=\"line-height: 1.5;\"> <\/i><i style=\"line-height: 1.5;\">and<\/i><i style=\"line-height: 1.5;\"> <\/i><i style=\"line-height: 1.5;\">SACs<\/i><i style=\"line-height: 1.5;\"> <\/i><i style=\"line-height: 1.5;\">in<\/i><i style=\"line-height: 1.5;\"> <\/i><i style=\"line-height: 1.5;\">the<\/i><i style=\"line-height: 1.5;\"> <\/i><i style=\"line-height: 1.5;\">UV<\/i><i style=\"line-height: 1.5;\"> <\/i><i style=\"line-height: 1.5;\">Spectrum<\/i><i style=\"line-height: 1.5;\"> <\/i><i style=\"line-height: 1.5;\">of<\/i><i style=\"line-height: 1.5;\"> <\/i><i style=\"line-height: 1.5;\">the<\/i><i style=\"line-height: 1.5;\"> <\/i><i style=\"line-height: 1.5;\">Quasar<\/i><i style=\"line-height: 1.5;\"> <\/i><i style=\"line-height: 1.5;\">PG<\/i><i style=\"line-height: 1.5;\"> 0946+301\u201d<\/i><span style=\"line-height: 1.5;\">,19th International Conference on Spectral Line Shapes, (19 ICSLS), June 15 &#8211; 20, 2008, Valliadolid, Spain, <\/span><a style=\"line-height: 1.5;\" href=\"http:\/\/adsabs.harvard.edu\/cgi-bin\/nph-data_query?bibcode=2008AIPC.1058..323L&amp;db_key=PHY&amp;link_type=ABSTRACT&amp;high=4999bacd2e30994\"><b>2008, <\/b><b>AIPC<\/b><b>, 1058, 323<\/b><\/a><span style=\"line-height: 1.5;\">.<\/span><\/li>\n<li style=\"text-align: justify;\"><b style=\"line-height: 1.5;\">Lyratzi, E., Danezis, E., Popovi\u0107, L. \u010c., Dimitrijevi\u0107, M. S. &amp; <span style=\"text-decoration: underline;\">Antoniou, A.:<\/span><\/b><span style=\"line-height: 1.5;\"> \u201c<\/span><i style=\"line-height: 1.5;\">Kinematics of Broad Absorption Line Regions of PG 1254+047\u201d<\/i><span style=\"line-height: 1.5;\">, 19th International Conference on Spectral Line Shapes, (19 ICSLS), June 15 &#8211; 20, 2008, Valliadolid, Spain,, <\/span><b style=\"line-height: 1.5;\"><a style=\"line-height: 1.5;\" href=\"http:\/\/adsabs.harvard.edu\/cgi-bin\/nph-data_query?bibcode=2008AIPC.1058..320L&amp;db_key=PHY&amp;link_type=ABSTRACT&amp;high=4999bacd2e30994\">2008, AIPC, 1058, 320<\/a>.<\/b><\/li>\n<li style=\"text-align: justify;\"><b style=\"line-height: 1.5;\"><span style=\"text-decoration: underline;\">Antoniou, A.,<\/span><\/b><b style=\"line-height: 1.5;\"> Danezis, E., Lyratzi, E., Popovi\u0107, L. \u010c., Dimitrijevi\u0107, M. S., Theodosiou, E. &amp; Katsavrias, G.:<\/b><span style=\"line-height: 1.5;\"> \u201c<\/span><i style=\"line-height: 1.5;\">A Study of the Structure of Different Ionization Potential Regions in the Atmosphere of AX Mon (HD 45910)\u201d<\/i><span style=\"line-height: 1.5;\">, 19th International Conference on Spectral Line Shapes, (19 ICSLS), June 15 &#8211; 20, 2008, Valliadolid, Spain, <\/span><a style=\"line-height: 1.5;\" href=\"http:\/\/adsabs.harvard.edu\/cgi-bin\/nph-data_query?bibcode=2008AIPC.1058..317A&amp;db_key=PHY&amp;link_type=ABSTRACT&amp;high=4999bacd2e30994\"><b>2008, AIPC, 1058, 317<\/b><\/a><span style=\"line-height: 1.5;\">.<\/span><\/li>\n<li style=\"text-align: justify;\"><b style=\"line-height: 1.5;\"><span style=\"text-decoration: underline;\">Antoniou, A.,<\/span><\/b><b style=\"line-height: 1.5;\"> Danezis, E., Lyratzi, E., Popovi\u0107, L. \u010c., Dimitrijevi\u0107, M. S., Theodosiou, E. &amp; Stathopoulos, D.:<\/b><span style=\"line-height: 1.5;\"> \u201c<\/span><i style=\"line-height: 1.5;\">AX Mon (HD 45910) Kinematical Parameters in the Fe II Spectral Lines as a Function of the Excitation Potential\u201d<\/i><span style=\"line-height: 1.5;\">, 19th International Conference on Spectral Line Shapes, (19 ICSLS), June 15 &#8211; 20, 2008, Valliadolid, Spain, <\/span><b style=\"line-height: 1.5;\"><a style=\"line-height: 1.5;\" href=\"http:\/\/adsabs.harvard.edu\/cgi-bin\/nph-data_query?bibcode=2008AIPC.1058..314A&amp;db_key=PHY&amp;link_type=ABSTRACT&amp;high=4999bacd2e30994\">2008, AIPC, 1058, 314<\/a>.<\/b><\/li>\n<li style=\"text-align: justify;\"><b style=\"line-height: 1.5;\">Danezis, E., Lyratzi, E., Popovi\u0107, L. \u010c. &amp; Dimitrijevi\u0107, M. S., <span style=\"text-decoration: underline;\">Antoniou, A.:<\/span><\/b><span style=\"line-height: 1.5;\"> \u201c<\/span><i style=\"line-height: 1.5;\">Similarity Between DACs\/SACs Phenomena in Hot Emission Stars and Quasars Absorption Lines\u201d<\/i><span style=\"line-height: 1.5;\">, 19th International Conference on Spectral Line Shapes, (19 ICSLS), June 15 &#8211; 20, 2008, Valliadolid, Spain, <\/span><a style=\"line-height: 1.5;\" href=\"http:\/\/adsabs.harvard.edu\/cgi-bin\/nph-data_query?bibcode=2008AIPC.1058..305D&amp;db_key=PHY&amp;link_type=ABSTRACT&amp;high=4999bacd2e23111\"><b>2008, AIPC, 1058, 305<\/b><\/a><span style=\"line-height: 1.5;\">.<\/span><\/li>\n<li style=\"text-align: justify;\"><b style=\"line-height: 1.5;\"><span style=\"text-decoration: underline;\">Antoniou, A.,<\/span><\/b><b style=\"line-height: 1.5;\"> Danezis, E., Lyratzi, E., Nikolaidis, D., Popovi\u0107, L. \u010c. &amp; Dimitrijevi\u0107, M. S.:<\/b><span style=\"line-height: 1.5;\"> \u201c<\/span><i style=\"line-height: 1.5;\">Investigation of the post coronal density regions of Oe stars, through the N V UV resonance lines\u201d<\/i><span style=\"line-height: 1.5;\">, VI Serbian Conference on Spectral Line Shapes in Astrophysics (VI SCSLSA), June 2007, Sremski Karlovci, Serbia, <\/span><a style=\"line-height: 1.5;\" href=\"http:\/\/adsabs.harvard.edu\/cgi-bin\/nph-data_query?bibcode=2007AIPC..938..210A&amp;db_key=PHY&amp;link_type=ABSTRACT&amp;high=4742dde21a16279\"><b>2007,\u00a0AIPC,\u00a0938,\u00a0210<\/b><\/a><b style=\"line-height: 1.5;\">.<\/b><\/li>\n<li style=\"text-align: justify;\"><b style=\"line-height: 1.5;\"><span style=\"text-decoration: underline;\">Antoniou, A.,<\/span><\/b><b style=\"line-height: 1.5;\"> Danezis, E., Lyratzi, E., Nikolaidis, D., Popovi\u0107, L. \u010c. &amp; Dimitrijevi\u0107, M. S.:<\/b><span style=\"line-height: 1.5;\"> \u201c<\/span><i style=\"line-height: 1.5;\">The N IV density regions in the spectra of 20 Oe stars\u201d,<\/i><span style=\"line-height: 1.5;\"> VI Serbian Conference on Spectral Line Shapes in Astrophysics (VI SCSLSA), June 2007, Sremski Karlovci, Srbia,<\/span><b style=\"line-height: 1.5;\"> <\/b><a style=\"line-height: 1.5;\" href=\"http:\/\/adsabs.harvard.edu\/cgi-bin\/nph-data_query?bibcode=2007AIPC..938..206A&amp;db_key=PHY&amp;link_type=ABSTRACT&amp;high=4742dde21a16279\"><b>2007,\u00a0AIPC,\u00a0938,\u00a0206<\/b><\/a><span style=\"line-height: 1.5;\">.<\/span><\/li>\n<li style=\"text-align: justify;\"><b style=\"line-height: 1.5;\"><span style=\"text-decoration: underline;\">Antoniou, A.,<\/span><\/b><b style=\"line-height: 1.5;\"> Danezis, E., Lyratzi, E., Nikolaidis, D., Popovi\u0107, L. \u010c. &amp; Dimitrijevi\u0107, M. S.:<\/b><span style=\"line-height: 1.5;\"> \u201c<\/span><i style=\"line-height: 1.5;\">Long term variability of the coronal and post-coronal regions of the Oe star HD 149757 (zeta Oph)\u201d<\/i><span style=\"line-height: 1.5;\">, VI Serbian Conference on Spectral Line Shapes in Astrophysics (VI SCSLSA), June 2007, Sremski Karlovci, Serbia, <\/span><a style=\"line-height: 1.5;\" href=\"http:\/\/adsabs.harvard.edu\/cgi-bin\/nph-data_query?bibcode=2007AIPC..938..198A&amp;db_key=PHY&amp;link_type=ABSTRACT&amp;high=4742dde21a16279\"><b>2007,\u00a0AIPC,\u00a0938,\u00a0198<\/b><\/a><span style=\"line-height: 1.5;\">.<\/span><\/li>\n<li style=\"text-align: justify;\"><b style=\"line-height: 1.5;\"><span style=\"text-decoration: underline;\">Antoniou, A.,<\/span><\/b><b style=\"line-height: 1.5;\"> Danezis, E., Lyratzi, E., Nikolaidis, D., Popovi\u0107, L. \u010c. &amp; Dimitrijevi\u0107, M. S.:<\/b><span style=\"line-height: 1.5;\"> \u201c<\/span><i style=\"line-height: 1.5;\">A statistical study of physical parameters of the C IV density regions in 20 Oe stars\u201d<\/i><span style=\"line-height: 1.5;\">, VI Serbian Conference on Spectral Line Shapes in Astrophysics (VI SCSLSA), June 2007, Sremski Karlovci, Serbia,<\/span><b style=\"line-height: 1.5;\"> <\/b><a style=\"line-height: 1.5;\" href=\"http:\/\/adsabs.harvard.edu\/cgi-bin\/nph-data_query?bibcode=2007AIPC..938..194A&amp;db_key=PHY&amp;link_type=ABSTRACT&amp;high=4742dde21a16279\"><b>2007,\u00a0AIPC,\u00a0938,\u00a0194<\/b><\/a><span style=\"line-height: 1.5;\">.<\/span><\/li>\n<li style=\"text-align: justify;\"><b style=\"line-height: 1.5;\">Lyratzi, E., Danezis, E., Dimitrijevi\u0107, M. S., Popovi\u0107, L. \u010c., Nikolaidis, D. &amp; <span style=\"text-decoration: underline;\">Antoniou, A.:<\/span><\/b><span style=\"line-height: 1.5;\"> \u201c<\/span><i style=\"line-height: 1.5;\">The Evolution of Some Physical Parameters in the DACs\/SACs Regions in Be Stellar Atmospheres\u201d,<\/i><span style=\"line-height: 1.5;\"> VI Serbian Conference on Spectral Line Shapes in Astrophysics (VI SCSLSA), June 2007, Sremski Karlovci, Serbia, <\/span><b style=\"line-height: 1.5;\"><a style=\"line-height: 1.5;\" href=\"http:\/\/adsabs.harvard.edu\/cgi-bin\/nph-data_query?bibcode=2007AIPC..938..176L&amp;db_key=PHY&amp;link_type=ABSTRACT&amp;high=4742dde21a16279\">2007,\u00a0AIPC,\u00a0938,\u00a0176<\/a>.<\/b><\/li>\n<li style=\"text-align: justify;\"><b style=\"line-height: 1.5;\">Danezis, E., <span style=\"text-decoration: underline;\">Antoniou, A<\/span>., Lyratzi, E., Popovi\u0107, L. \u010c., Dimitrijevi\u0107, M. S. &amp; Nikolaidis, D.:<\/b><span style=\"line-height: 1.5;\"> \u201c<\/span><i style=\"line-height: 1.5;\">The DACs and SACs Effects From Stars to Quasars. Some First General Notices\u201d,<\/i><span style=\"line-height: 1.5;\"> VI Serbian Conference on Spectral Line Shapes in Astrophysics (VI SCSLSA), June 2007, Sremski Karlovci, Serbia <\/span><b style=\"line-height: 1.5;\"><i><span style=\"text-decoration: underline;\">(Invited lecture)<\/span><\/i><\/b><b style=\"line-height: 1.5;\"><span style=\"text-decoration: underline;\">,<\/span><\/b><a style=\"line-height: 1.5;\" href=\"http:\/\/adsabs.harvard.edu\/cgi-bin\/nph-data_query?bibcode=2007AIPC..938..119D&amp;db_key=PHY&amp;link_type=ABSTRACT&amp;high=4742dde21a16279\"><b>2007,\u00a0AIPC,\u00a0938,\u00a0119<\/b><\/a><span style=\"line-height: 1.5;\">.<\/span><\/li>\n<li style=\"text-align: justify;\"><b style=\"line-height: 1.5;\">Lyratzi, E., Danezis, E., Nikolaidis, D., <span style=\"text-decoration: underline;\">Antoniou, A.,<\/span> Popovi\u0107, L. \u010c. &amp; Dimitijevi\u0107, M. S.: \u201c<\/b><i style=\"line-height: 1.5;\">A new approach for the structure of Ha regions in 120 Be stars\u201d<\/i><span style=\"line-height: 1.5;\">, RECENT ADVANCES IN ASTRONOMY AND ASTROPHYSICS: 7<\/span><sup>\u03bf<\/sup><span style=\"line-height: 1.5;\"> International Conference of the Hellenic Astronomical Society (Hel.A.S.), Kefalonia Greece, September 2005, <\/span><a style=\"line-height: 1.5;\" href=\"http:\/\/adsabs.harvard.edu\/cgi-bin\/nph-data_query?bibcode=2006AIPC..848..402L&amp;db_key=AST&amp;link_type=ABSTRACT&amp;high=4999bacd2e19293\"><b>2006,\u00a0AIPC,\u00a0848,\u00a0402<\/b><\/a><span style=\"line-height: 1.5;\">.<\/span><\/li>\n<li style=\"text-align: justify;\"><b style=\"line-height: 1.5;\">Danezis, E., Nikolaidis, D., Lyratzi, E., Popovi\u0107, L. \u010c., Dimitijevi\u0107, M. S. &amp; <span style=\"text-decoration: underline;\">Antoniou, A.:<\/span> \u201c<\/b><i style=\"line-height: 1.5;\">A new modelling approach for DACs and SACs regions in the atmospheres of hot emission stars\u201d<\/i><span style=\"line-height: 1.5;\">, RECENT ADVANCES IN ASTRONOMY AND ASTROPHYSICS: 7<\/span><sup>\u03bf<\/sup><span style=\"line-height: 1.5;\"> International Conference of the Hellenic Astronomical Society (Hel.A.S.), Kefalonia Greece, September 2005, <\/span><a style=\"line-height: 1.5;\" href=\"http:\/\/adsabs.harvard.edu\/cgi-bin\/nph-data_query?bibcode=2006AIPC..848..380D&amp;db_key=AST&amp;link_type=ABSTRACT&amp;high=4999bacd2e19293\"><b>2006,\u00a0AIPC,\u00a0848,\u00a0380<\/b><\/a><span style=\"line-height: 1.5;\">.<\/span><\/li>\n<li style=\"text-align: justify;\"><b style=\"line-height: 1.5;\"><span style=\"text-decoration: underline;\">Antoniou, A.,<\/span><\/b><b style=\"line-height: 1.5;\"> Danezis, E., Lyratzi, E., Nikolaidis, D., Popovi\u0107, L. \u010c., Dimitijevi\u0107, M. S. &amp; Theodossiou, E.: \u201c<\/b><i style=\"line-height: 1.5;\">Long Term Variability of the Radial Velocities in the Coronal and Post-coronal Regions of the Oe Star HD 93521\u201d<\/i><span style=\"line-height: 1.5;\">, RECENT ADVANCES IN ASTRONOMY AND ASTROPHYSICS: 7<\/span><sup>\u03bf<\/sup><span style=\"line-height: 1.5;\"> International Conference of the Hellenic Astronomical Society (Hel.A.S.), Kefalonia Greece, September 2005, <\/span><a style=\"line-height: 1.5;\" href=\"http:\/\/adsabs.harvard.edu\/cgi-bin\/nph-data_query?bibcode=2006AIPC..848..370A&amp;db_key=AST&amp;link_type=ABSTRACT&amp;high=4999bacd2e19293\"><b>2006,\u00a0AIPC,\u00a0848,\u00a0370<\/b><\/a><span style=\"line-height: 1.5;\">.<\/span><\/li>\n<li style=\"text-align: justify;\"><b style=\"line-height: 1.5;\">Danezis, E., <\/b><b style=\"line-height: 1.5;\">Koutroumanou<\/b><b style=\"line-height: 1.5;\">, <\/b><b style=\"line-height: 1.5;\">M<\/b><b style=\"line-height: 1.5;\">., Lyratzi, E., Theodossiou, E., Stathopoulou, M., Nikolaidis, <\/b><b style=\"line-height: 1.5;\">D<\/b><b style=\"line-height: 1.5;\">., <\/b><b style=\"line-height: 1.5;\"><span style=\"text-decoration: underline;\">Antoniou<\/span><\/b><b style=\"line-height: 1.5;\"><span style=\"text-decoration: underline;\">, <\/span><\/b><b style=\"line-height: 1.5;\"><span style=\"text-decoration: underline;\">A<\/span><\/b><b style=\"line-height: 1.5;\"><span style=\"text-decoration: underline;\">.,<\/span><\/b><b style=\"line-height: 1.5;\"> Drakopoulos, C. &amp; Soulikias, A.:<\/b><b style=\"line-height: 1.5;\"> \u201c<\/b><i style=\"line-height: 1.5;\">Discontinuous structure of SiIV regions in the Oe star&#8217;<\/i><i style=\"line-height: 1.5;\">s \u03bb Orionis<\/i><i style=\"line-height: 1.5;\"> atmosphere\u201d<\/i><span style=\"line-height: 1.5;\">, 6<\/span><sup>\u03bf<\/sup><span style=\"line-height: 1.5;\"> \u00a0International Conference of the Hellenic Astronomical Society (Hel.A.S.), Athens Greece, September 2003, <\/span><b style=\"line-height: 1.5;\">\u00a0<\/b><a style=\"line-height: 1.5;\" href=\"http:\/\/adsabs.harvard.edu\/cgi-bin\/nph-data_query?bibcode=2004hell.conf..117D&amp;db_key=AST&amp;link_type=ABSTRACT&amp;high=4999bacd2e19293\"><b>2004,\u00a0hell.conf,\u00a0117<\/b><\/a>.<\/li>\n<li style=\"text-align: justify;\"><b style=\"line-height: 1.5;\">Lyratzi, E., Danezis, E., Stathopoulou, M., Theodossiou, E., Nikolaidis, <\/b><b style=\"line-height: 1.5;\">D<\/b><b style=\"line-height: 1.5;\">., <\/b><b style=\"line-height: 1.5;\"><span style=\"text-decoration: underline;\">Antoniou<\/span><\/b><b style=\"line-height: 1.5;\"><span style=\"text-decoration: underline;\">, <\/span><\/b><b style=\"line-height: 1.5;\"><span style=\"text-decoration: underline;\">A<\/span><\/b><b style=\"line-height: 1.5;\"><span style=\"text-decoration: underline;\">.,<\/span><\/b><b style=\"line-height: 1.5;\"> Drakopoulos, C., Soulikias, A. &amp; <\/b><b style=\"line-height: 1.5;\">Koutroumanou<\/b><b style=\"line-height: 1.5;\">, <\/b><b style=\"line-height: 1.5;\">M<\/b><b style=\"line-height: 1.5;\">.:<\/b><b style=\"line-height: 1.5;\"> \u201c<\/b><i style=\"line-height: 1.5;\">Discontinuous phenomena in <\/i><i style=\"line-height: 1.5;\">SiIV<\/i><i style=\"line-height: 1.5;\"> regions of BeV stars\u00a0<\/i><span style=\"line-height: 1.5;\">6<\/span><sup>\u03bf<\/sup><span style=\"line-height: 1.5;\"> \u00a0International Conference of the Hellenic Astronomical Society (Hel.A.S.), Athens Greece, September 2003, <\/span><a style=\"line-height: 1.5;\" href=\"http:\/\/adsabs.harvard.edu\/cgi-bin\/nph-data_query?bibcode=2004hell.conf..116L&amp;db_key=AST&amp;link_type=ABSTRACT&amp;high=4999bacd2e19293\"><b>2004,\u00a0hell.conf,\u00a0116L<\/b><\/a><b style=\"line-height: 1.5;\">.<\/b><\/li>\n<li style=\"text-align: justify;\"><b style=\"line-height: 1.5;\">Danezis, E<span style=\"text-decoration: underline;\">., <\/span><\/b><b style=\"line-height: 1.5;\"><span style=\"text-decoration: underline;\">Antoniou<\/span><\/b><b style=\"line-height: 1.5;\"><span style=\"text-decoration: underline;\">, <\/span><\/b><b style=\"line-height: 1.5;\"><span style=\"text-decoration: underline;\">A<\/span><\/b><b style=\"line-height: 1.5;\"><span style=\"text-decoration: underline;\">.,<\/span><\/b><b style=\"line-height: 1.5;\"> Lyratzi, E., Theodossiou, E., Stathopoulou, M., Nikolaidis, <\/b><b style=\"line-height: 1.5;\">D<\/b><b style=\"line-height: 1.5;\">., Drakopoulos, C., Soulikias, A. &amp; <\/b><b style=\"line-height: 1.5;\">Koutroumanou<\/b><b style=\"line-height: 1.5;\">, <\/b><b style=\"line-height: 1.5;\">M<\/b><b style=\"line-height: 1.5;\">.:<\/b><b style=\"line-height: 1.5;\"> \u201c<\/b><i style=\"line-height: 1.5;\">Discontinuous structure and SACs phenomena in the Oe star&#8217;s HD 175754 atmosphere\u201d<\/i><span style=\"line-height: 1.5;\">, 6<\/span><sup>\u03bf<\/sup><span style=\"line-height: 1.5;\"> \u00a0International Conference of the Hellenic Astronomical Society (Hel.A.S.), Athens Greece, September 2003,<\/span><b style=\"line-height: 1.5;\"> <\/b><a style=\"line-height: 1.5;\" href=\"http:\/\/adsabs.harvard.edu\/cgi-bin\/nph-data_query?bibcode=2004hell.conf..116D&amp;db_key=AST&amp;link_type=ABSTRACT&amp;high=4999bacd2e19293\"><b>2004,\u00a0hell.conf,\u00a0116D<\/b><\/a><span style=\"line-height: 1.5;\">.<\/span><\/li>\n<li style=\"text-align: justify;\"><b>Lyratzi, E., Danezis, E., Stathopoulou, M., Theodossiou, E., Nikolaidis, D., <span style=\"text-decoration: underline;\">Antoniou, A.,<\/span> Drakopoulos, C., Soulikias, A. &amp; Koutroumanou, M.: \u201c<\/b><i>Discontinuous phenomena in MgII regions of BeV stars\u201d<\/i>, 6<sup>\u03bf<\/sup> \u00a0International Conference of the Hellenic Astronomical Society (Hel.A.S.), Athens Greece, September 2003,<b> <\/b><a href=\"http:\/\/adsabs.harvard.edu\/cgi-bin\/nph-data_query?bibcode=2004hell.conf..115L&amp;db_key=AST&amp;link_type=ABSTRACT&amp;high=4999bacd2e19293\"><b>2004,\u00a0hell.conf,\u00a0115L<\/b><\/a>.<\/li>\n<\/ol>\n<p style=\"text-align: justify;\">\n","protected":false},"excerpt":{"rendered":"<p>According to: Smithsonian\/NASA Astrophysics Data System (ADS) Antoniou, A., Danezis, E., Lyratzi, E. and Stathopoulos, D.: \u201cThe\u00a0 structure of the Si IV region in Be stars: a study of Si IV spectral lines in Be 68 stars\u201d 26th Summer School and International Symposium on the Physics of Ionized Gases (SPIG 2012) IOP Publishing, Journal of &hellip; <a href=\"https:\/\/www.antonios-antoniou.gr\/en\/research-project\/publications\/publications-in-international-conferences-proceedings-with-referees-conferences\" class=\"more-link\">Continue reading <span class=\"screen-reader-text\">Publications in International Conferences&#8217; Proceedings with referees (Conferences)<\/span> <span class=\"meta-nav\">&rarr;<\/span><\/a><\/p>\n","protected":false},"author":1,"featured_media":0,"parent":195,"menu_order":2,"comment_status":"open","ping_status":"closed","template":"","meta":{"footnotes":""},"class_list":["post-171","page","type-page","status-publish","hentry"],"_links":{"self":[{"href":"https:\/\/www.antonios-antoniou.gr\/en\/wp-json\/wp\/v2\/pages\/171","targetHints":{"allow":["GET"]}}],"collection":[{"href":"https:\/\/www.antonios-antoniou.gr\/en\/wp-json\/wp\/v2\/pages"}],"about":[{"href":"https:\/\/www.antonios-antoniou.gr\/en\/wp-json\/wp\/v2\/types\/page"}],"author":[{"embeddable":true,"href":"https:\/\/www.antonios-antoniou.gr\/en\/wp-json\/wp\/v2\/users\/1"}],"replies":[{"embeddable":true,"href":"https:\/\/www.antonios-antoniou.gr\/en\/wp-json\/wp\/v2\/comments?post=171"}],"version-history":[{"count":6,"href":"https:\/\/www.antonios-antoniou.gr\/en\/wp-json\/wp\/v2\/pages\/171\/revisions"}],"predecessor-version":[{"id":174,"href":"https:\/\/www.antonios-antoniou.gr\/en\/wp-json\/wp\/v2\/pages\/171\/revisions\/174"}],"up":[{"embeddable":true,"href":"https:\/\/www.antonios-antoniou.gr\/en\/wp-json\/wp\/v2\/pages\/195"}],"wp:attachment":[{"href":"https:\/\/www.antonios-antoniou.gr\/en\/wp-json\/wp\/v2\/media?parent=171"}],"curies":[{"name":"wp","href":"https:\/\/api.w.org\/{rel}","templated":true}]}}